{"id":259,"date":"2019-11-28T07:36:38","date_gmt":"2019-11-28T07:36:38","guid":{"rendered":"http:\/\/www.peanutbuttermachine.com\/fr\/?page_id=259"},"modified":"2020-01-20T03:39:33","modified_gmt":"2020-01-20T03:39:33","slug":"technicals","status":"publish","type":"page","link":"https:\/\/www.peanutbuttermachine.com\/fr\/technicals\/","title":{"rendered":"Techniques"},"content":{"rendered":"\t\t<div data-elementor-type=\"wp-page\" data-elementor-id=\"259\" class=\"elementor elementor-259\">\n\t\t\t\t\t\t<section class=\"elementor-section elementor-top-section elementor-element elementor-element-6fcee99 elementor-section-full_width elementor-section-content-bottom elementor-section-height-default elementor-section-height-default\" data-id=\"6fcee99\" data-element_type=\"section\" data-settings=\"{&quot;background_background&quot;:&quot;classic&quot;}\">\n\t\t\t\t\t\t\t<div class=\"elementor-background-overlay\"><\/div>\n\t\t\t\t\t\t\t<div class=\"elementor-container elementor-column-gap-no\">\n\t\t\t\t\t<div class=\"elementor-column elementor-col-100 elementor-top-column elementor-element elementor-element-2d667f40\" data-id=\"2d667f40\" data-element_type=\"column\">\n\t\t\t<div class=\"elementor-widget-wrap elementor-element-populated\">\n\t\t\t\t\t\t<section class=\"elementor-section elementor-inner-section elementor-element elementor-element-792f171d elementor-section-boxed elementor-section-height-default elementor-section-height-default\" data-id=\"792f171d\" data-element_type=\"section\">\n\t\t\t\t\t\t<div class=\"elementor-container elementor-column-gap-default\">\n\t\t\t\t\t<div class=\"elementor-column elementor-col-50 elementor-inner-column elementor-element elementor-element-506ed877\" data-id=\"506ed877\" data-element_type=\"column\">\n\t\t\t<div class=\"elementor-widget-wrap elementor-element-populated\">\n\t\t\t\t\t\t<div class=\"elementor-element elementor-element-238a74ec elementor-widget elementor-widget-heading\" data-id=\"238a74ec\" data-element_type=\"widget\" data-widget_type=\"heading.default\">\n\t\t\t\t<div class=\"elementor-widget-container\">\n\t\t\t\t\t<h1 class=\"elementor-heading-title elementor-size-default\">Techniques<\/h1>\t\t\t\t<\/div>\n\t\t\t\t<\/div>\n\t\t\t\t\t<\/div>\n\t\t<\/div>\n\t\t\t\t<div class=\"elementor-column elementor-col-50 elementor-inner-column elementor-element elementor-element-403a9bab\" data-id=\"403a9bab\" data-element_type=\"column\">\n\t\t\t<div class=\"elementor-widget-wrap\">\n\t\t\t\t\t\t\t<\/div>\n\t\t<\/div>\n\t\t\t\t\t<\/div>\n\t\t<\/section>\n\t\t\t\t\t<\/div>\n\t\t<\/div>\n\t\t\t\t\t<\/div>\n\t\t<\/section>\n\t\t\t\t<section class=\"elementor-section elementor-top-section elementor-element elementor-element-333d42fe elementor-section-boxed elementor-section-height-default elementor-section-height-default\" data-id=\"333d42fe\" data-element_type=\"section\">\n\t\t\t\t\t\t<div class=\"elementor-container elementor-column-gap-default\">\n\t\t\t\t\t<div class=\"elementor-column elementor-col-66 elementor-top-column elementor-element elementor-element-29cf27d9\" data-id=\"29cf27d9\" data-element_type=\"column\">\n\t\t\t<div class=\"elementor-widget-wrap elementor-element-populated\">\n\t\t\t\t\t\t<div class=\"elementor-element elementor-element-20e6369 elementor-widget elementor-widget-spacer\" data-id=\"20e6369\" data-element_type=\"widget\" data-widget_type=\"spacer.default\">\n\t\t\t\t<div class=\"elementor-widget-container\">\n\t\t\t\t\t\t\t<div class=\"elementor-spacer\">\n\t\t\t<div class=\"elementor-spacer-inner\"><\/div>\n\t\t<\/div>\n\t\t\t\t\t\t<\/div>\n\t\t\t\t<\/div>\n\t\t\t\t<div class=\"elementor-element elementor-element-d723001 elementor-widget elementor-widget-obfx-posts-grid\" data-id=\"d723001\" data-element_type=\"widget\" data-widget_type=\"obfx-posts-grid.default\">\n\t\t\t\t<div class=\"elementor-widget-container\">\n\t\t\t\t\t<div class=\"obfx-grid\"><div class=\"obfx-grid-container obfx-grid-style-list obfx-grid-desktop-1\"><div class=\"obfx-grid-wrapper\"><article class=\"obfx-grid-col obfx-no-image\"><div class=\"obfx-grid-col-content\">\t\t\t<p class=\"entry-title obfx-grid-title\">\n\t\t\t\t\t\t\t<a href=\"https:\/\/www.peanutbuttermachine.com\/fr\/technicals\/traitement-des-boissons-aux-amandes-par-colloid-mill\/\" title=\"TRAITEMENT DES BOISSONS AUX AMANDES PAR COLLOID MILL\">\n\t\t\t\t\tTRAITEMENT DES BOISSONS AUX AMANDES PAR COLLOID MILL\t\t\t\t<\/a>\n\t\t\t\t\t\t\t<\/p>\n\t\t\t\t\t\t<div class=\"entry-content obfx-grid-content\">\n\t\t\t\tNews &#038; Technicals TRAITEMENT DES BOISSONS AUX AMANDES PAR COLLOID MILL La ros\u00e9e d&rsquo;amande est une boisson prot\u00e9in\u00e9e v\u00e9g\u00e9tale \u00e0 base d&rsquo;amandes sauvages naturelles et d&rsquo;eau min\u00e9rale. Il est aussi blanc que le lait, aussi d\u00e9licat que le jade et poss\u00e8de un parfum unique. Il peut \u00eatre utilis\u00e9 comme substitut du lait ordinaire. On pense &hellip; TRAITEMENT DES BOISSONS AUX AMANDES PAR COLLOID MILL Lire la suite\u00a0\u00bb\t\t\t<\/div>\n\t\t\t<\/div><\/article><\/div><div class=\"obfx-grid-wrapper\"><article class=\"obfx-grid-col obfx-no-image\"><div class=\"obfx-grid-col-content\">\t\t\t<p class=\"entry-title obfx-grid-title\">\n\t\t\t\t\t\t\t<a href=\"https:\/\/www.peanutbuttermachine.com\/fr\/technicals\/types-de-machines-a-rotir-de-noix-et-avantages\/\" title=\"TYPES DE MACHINES \u00c0 R\u00d4TIR DE NOIX ET AVANTAGES\">\n\t\t\t\t\tTYPES DE MACHINES \u00c0 R\u00d4TIR DE NOIX ET AVANTAGES\t\t\t\t<\/a>\n\t\t\t\t\t\t\t<\/p>\n\t\t\t\t\t\t<div class=\"entry-content obfx-grid-content\">\n\t\t\t\tNews &#038; Technicals TYPES DE MACHINES \u00c0 R\u00d4TIR DE NOIX ET AVANTAGES La machine \u00e0 r\u00f4tir les noix est utilis\u00e9e pour r\u00f4tir les fruits secs et les noix, tels que les arachides, les graines de melon, le colza, la ch\u00e2taigne, les graines de pin, les noisettes, les noix, etc. C&rsquo;est une machine polyvalente. Elle a &hellip; TYPES DE MACHINES \u00c0 R\u00d4TIR DE NOIX ET AVANTAGES Lire la suite\u00a0\u00bb\t\t\t<\/div>\n\t\t\t<\/div><\/article><\/div><div class=\"obfx-grid-wrapper\"><article class=\"obfx-grid-col obfx-no-image\"><div class=\"obfx-grid-col-content\">\t\t\t<p class=\"entry-title obfx-grid-title\">\n\t\t\t\t\t\t\t<a href=\"https:\/\/www.peanutbuttermachine.com\/fr\/technicals\/application-du-moulin-colloidal-a-la-production-de-beurre-darachide\/\" title=\"Application du moulin collo\u00efdal \u00e0 la production de beurre d&rsquo;arachide\">\n\t\t\t\t\tApplication du moulin collo\u00efdal \u00e0 la production de beurre d&rsquo;arachide\t\t\t\t<\/a>\n\t\t\t\t\t\t\t<\/p>\n\t\t\t\t\t\t<div class=\"entry-content obfx-grid-content\">\n\t\t\t\tNews &#038; Technicals Application du moulin collo\u00efdal \u00e0 la production de beurre d&rsquo;arachide Le beurre d&rsquo;arachide est l&rsquo;un des aliments transform\u00e9s par la machine \u00e0 beurre d&rsquo;arachide, \u00e9galement connue sous le nom de moulin \u00e0 collo\u00efdes. Cependant, de nombreux produits de beurre d&rsquo;arachide sur le march\u00e9 subiront une s\u00e9paration solide-liquide apr\u00e8s avoir \u00e9t\u00e9 plac\u00e9s pendant &hellip; Application du moulin collo\u00efdal \u00e0 la production de beurre d&rsquo;arachide Lire la suite\u00a0\u00bb\t\t\t<\/div>\n\t\t\t<\/div><\/article><\/div><div class=\"obfx-grid-wrapper\"><article class=\"obfx-grid-col obfx-no-image\"><div class=\"obfx-grid-col-content\">\t\t\t<p class=\"entry-title obfx-grid-title\">\n\t\t\t\t\t\t\t<a href=\"https:\/\/www.peanutbuttermachine.com\/fr\/technicals\/epluchage-de-racine-darachide-et-elimination-de-pierre\/\" title=\"\u00c9pluchage de racine d&rsquo;arachide et \u00e9limination de pierre\">\n\t\t\t\t\t\u00c9pluchage de racine d&rsquo;arachide et \u00e9limination de pierre\t\t\t\t<\/a>\n\t\t\t\t\t\t\t<\/p>\n\t\t\t\t\t\t<div class=\"entry-content obfx-grid-content\">\n\t\t\t\tNews &#038; Technicals \u00c9pluchage de racine d&rsquo;arachide et \u00e9limination de pierre L&rsquo;arachide est une culture \u00e0 haut rendement. L&rsquo;arachide d\u00e9cortiqu\u00e9e peut \u00eatre transform\u00e9e davantage dans diverses productions alimentaires, comment utiliser la machine \u00e0 retirer les racines d&rsquo;arachide pour pr\u00e9server l&rsquo;int\u00e9grit\u00e9 de l&rsquo;arachide sans endommager la coquille principale des fruits d&rsquo;arachide. C&rsquo;est \u00e9galement la question \u00e0 &hellip; \u00c9pluchage de racine d&rsquo;arachide et \u00e9limination de pierre Lire la suite\u00a0\u00bb\t\t\t<\/div>\n\t\t\t<\/div><\/article><\/div><div class=\"obfx-grid-wrapper\"><article class=\"obfx-grid-col obfx-no-image\"><div class=\"obfx-grid-col-content\">\t\t\t<p class=\"entry-title obfx-grid-title\">\n\t\t\t\t\t\t\t<a href=\"https:\/\/www.peanutbuttermachine.com\/fr\/technicals\/torrefacteur-commercial-darachide-torrefacteur-darachide\/\" title=\"Torr\u00e9facteur commercial d&rsquo;arachide, torr\u00e9facteur d&rsquo;arachide\">\n\t\t\t\t\tTorr\u00e9facteur commercial d&rsquo;arachide, torr\u00e9facteur d&rsquo;arachide\t\t\t\t<\/a>\n\t\t\t\t\t\t\t<\/p>\n\t\t\t\t\t\t<div class=\"entry-content obfx-grid-content\">\n\t\t\t\tCOMMERCIAL PEANUT ROASTER MACHINE DE R\u00d4TISSAGE D&rsquo;ARACHIDE Le d\u00e9veloppement du torr\u00e9facteur d&rsquo;arachide, \u00e9galement connu sous le nom de torr\u00e9facteur d&rsquo;arachide, a consid\u00e9rablement enrichi nos vies. Il a une r\u00e9sistance aux temp\u00e9ratures \u00e9lev\u00e9es, une r\u00e9sistance \u00e0 l&rsquo;\u00e9rosion, une faible consommation de carburant, une efficacit\u00e9 thermique \u00e9lev\u00e9e, un d\u00e9placement pratique, un entretien facile et une large gamme &hellip; Torr\u00e9facteur commercial d&rsquo;arachide, torr\u00e9facteur d&rsquo;arachide Lire la suite\u00a0\u00bb\t\t\t<\/div>\n\t\t\t<\/div><\/article><\/div><div class=\"obfx-grid-wrapper\"><article class=\"obfx-grid-col obfx-no-image\"><div class=\"obfx-grid-col-content\">\t\t\t<p class=\"entry-title obfx-grid-title\">\n\t\t\t\t\t\t\t<a href=\"https:\/\/www.peanutbuttermachine.com\/fr\/technicals\/technologie-et-application-de-lequipement-de-rotissage-aux-arachides\/\" title=\"TECHNOLOGIE ET APPLICATION DE L&rsquo;\u00c9QUIPEMENT DE R\u00d4TISSAGE AUX ARACHIDES\">\n\t\t\t\t\tTECHNOLOGIE ET APPLICATION DE L&rsquo;\u00c9QUIPEMENT DE R\u00d4TISSAGE AUX ARACHIDES\t\t\t\t<\/a>\n\t\t\t\t\t\t\t<\/p>\n\t\t\t\t\t\t<div class=\"entry-content obfx-grid-content\">\n\t\t\t\tNews &#038; Technicals TECHNOLOGIE ET APPLICATION DE L&rsquo;\u00c9QUIPEMENT DE R\u00d4TISSAGE AUX ARACHIDES Principe de fonctionnement de l&rsquo;\u00e9quipement de torr\u00e9faction d&rsquo;arachide: La torr\u00e9faction d&rsquo;arachide est un \u00e9quipement de traitement d&rsquo;arachide de type bo\u00eete, qui peut \u00eatre assembl\u00e9 et d\u00e9mont\u00e9 librement. Il est divis\u00e9 en ventilateurs centrifuges et ventilateurs \u00e0 flux axial. Notre torr\u00e9facteur utilise la vapeur &hellip; TECHNOLOGIE ET APPLICATION DE L&rsquo;\u00c9QUIPEMENT DE R\u00d4TISSAGE AUX ARACHIDES Lire la suite\u00a0\u00bb\t\t\t<\/div>\n\t\t\t<\/div><\/article><\/div>\t\t\t\t<div class=\"obfx-grid-pagination\">\n\t\t\t\t\t\t\t\t\t\t<nav class=\"pagination\">\n\t\t\t\t\t\t<span aria-current=\"page\" class=\"page-numbers current\">1<\/span>\n<a class=\"page-numbers\" href=\"https:\/\/www.peanutbuttermachine.com\/fr\/technicals\/page\/2\/\">2<\/a>\n<a class=\"page-numbers\" href=\"https:\/\/www.peanutbuttermachine.com\/fr\/technicals\/page\/3\/\">3<\/a>\n<a class=\"next page-numbers\" href=\"https:\/\/www.peanutbuttermachine.com\/fr\/technicals\/page\/2\/\">Next<\/a>\t\t\t\t\t<\/nav>\n\t\t\t\t<\/div>\n\t\t\t\t<\/div><!-- .obfx-grid-container --><\/div><!-- .obfx-grid -->\t\t\t\t<\/div>\n\t\t\t\t<\/div>\n\t\t\t\t\t<\/div>\n\t\t<\/div>\n\t\t\t\t<div class=\"elementor-column elementor-col-33 elementor-top-column elementor-element elementor-element-1491c284 elementor-hidden-tablet elementor-hidden-phone\" data-id=\"1491c284\" data-element_type=\"column\">\n\t\t\t<div class=\"elementor-widget-wrap elementor-element-populated\">\n\t\t\t\t\t\t<div class=\"elementor-element elementor-element-56ba76a0 elementor-widget elementor-widget-spacer\" data-id=\"56ba76a0\" data-element_type=\"widget\" data-widget_type=\"spacer.default\">\n\t\t\t\t<div class=\"elementor-widget-container\">\n\t\t\t\t\t\t\t<div class=\"elementor-spacer\">\n\t\t\t<div class=\"elementor-spacer-inner\"><\/div>\n\t\t<\/div>\n\t\t\t\t\t\t<\/div>\n\t\t\t\t<\/div>\n\t\t\t\t<div class=\"elementor-element elementor-element-3dd08bf4 elementor-widget elementor-widget-sidebar\" data-id=\"3dd08bf4\" data-element_type=\"widget\" data-widget_type=\"sidebar.default\">\n\t\t\t\t<div class=\"elementor-widget-container\">\n\t\t\t\t\t<aside id=\"nav_menu-2\" class=\"widget widget_nav_menu\"><h2 class=\"widget-title\">Produits<\/h2><div class=\"menu-side-menu-container\"><ul id=\"menu-side-menu\" class=\"menu\"><li id=\"menu-item-324\" class=\"menu-item menu-item-type-post_type menu-item-object-post menu-item-324\"><a href=\"https:\/\/www.peanutbuttermachine.com\/fr\/products\/peanut-roaster-machine\/\">Torr\u00e9facteur D&rsquo;arachide<\/a><\/li>\n<li id=\"menu-item-326\" class=\"menu-item menu-item-type-post_type menu-item-object-post menu-item-326\"><a href=\"https:\/\/www.peanutbuttermachine.com\/fr\/products\/peanut-peeling-machine\/\">\u00e9plucheur D&rsquo;arachides<\/a><\/li>\n<li id=\"menu-item-323\" class=\"menu-item menu-item-type-post_type menu-item-object-post menu-item-323\"><a href=\"https:\/\/www.peanutbuttermachine.com\/fr\/products\/peanut-butter-machine\/\">Moulin \u00e0 Beurre de Cacahu\u00e8te<\/a><\/li>\n<li id=\"menu-item-325\" class=\"menu-item menu-item-type-post_type menu-item-object-post menu-item-325\"><a href=\"https:\/\/www.peanutbuttermachine.com\/fr\/products\/peanut-butter-filling-machine\/\">Ensacheur D\u2019 Arachide<\/a><\/li>\n<li id=\"menu-item-322\" class=\"menu-item menu-item-type-post_type menu-item-object-post menu-item-322\"><a href=\"https:\/\/www.peanutbuttermachine.com\/fr\/products\/peanut-butter-production-line\/\">Ligne De Production De Beurre Arachide<\/a><\/li>\n<\/ul><\/div><\/aside>\n\t\t<aside id=\"recent-posts-2\" class=\"widget widget_recent_entries\">\n\t\t<h2 class=\"widget-title\">Nouvelles et Techniques<\/h2>\n\t\t<ul>\n\t\t\t\t\t\t\t\t\t\t\t<li>\n\t\t\t\t\t<a href=\"https:\/\/www.peanutbuttermachine.com\/fr\/technicals\/traitement-des-boissons-aux-amandes-par-colloid-mill\/\">TRAITEMENT DES BOISSONS AUX AMANDES PAR COLLOID MILL<\/a>\n\t\t\t\t\t\t\t\t\t<\/li>\n\t\t\t\t\t\t\t\t\t\t\t<li>\n\t\t\t\t\t<a href=\"https:\/\/www.peanutbuttermachine.com\/fr\/technicals\/types-de-machines-a-rotir-de-noix-et-avantages\/\">TYPES DE MACHINES \u00c0 R\u00d4TIR DE NOIX ET AVANTAGES<\/a>\n\t\t\t\t\t\t\t\t\t<\/li>\n\t\t\t\t\t\t\t\t\t\t\t<li>\n\t\t\t\t\t<a href=\"https:\/\/www.peanutbuttermachine.com\/fr\/solutions\/processus-de-production-de-repas-darachide-introduction\/\">PROCESSUS DE PRODUCTION DE REPAS D&rsquo;ARACHIDE INTRODUCTION<\/a>\n\t\t\t\t\t\t\t\t\t<\/li>\n\t\t\t\t\t\t\t\t\t\t\t<li>\n\t\t\t\t\t<a href=\"https:\/\/www.peanutbuttermachine.com\/fr\/solutions\/pre-traitement-de-larachide-pour-la-fabrication-du-beurre-darachide\/\">Pr\u00e9-traitement de l&rsquo;arachide pour la fabrication du beurre d&rsquo;arachide<\/a>\n\t\t\t\t\t\t\t\t\t<\/li>\n\t\t\t\t\t\t\t\t\t\t\t<li>\n\t\t\t\t\t<a href=\"https:\/\/www.peanutbuttermachine.com\/fr\/solutions\/ligne-de-production-de-friture-darachides\/\">LIGNE DE PRODUCTION DE FRITURE D&rsquo;ARACHIDES<\/a>\n\t\t\t\t\t\t\t\t\t<\/li>\n\t\t\t\t\t<\/ul>\n\n\t\t<\/aside><aside id=\"text-2\" class=\"widget widget_text\"><h2 class=\"widget-title\">Contactez Nous<\/h2>\t\t\t<div class=\"textwidget\"><p>Email:<a href=\"mailto:info@peanutbuttermachine.com\">\u00a0info@peanutbuttermachine.com<\/a><\/p>\n<div class=\"wpforms-container \" id=\"wpforms-250\"><form id=\"wpforms-form-250\" class=\"wpforms-validate wpforms-form\" data-formid=\"250\" method=\"post\" enctype=\"multipart\/form-data\" action=\"\/fr\/wp-json\/wp\/v2\/pages\/259\" data-token=\"4e0d85d0fb8115e9e9ec1046fc149d7d\" data-token-time=\"1776957661\"><noscript class=\"wpforms-error-noscript\">Veuillez activer JavaScript dans votre navigateur pour remplir ce formulaire.<\/noscript><div class=\"wpforms-field-container\"><div id=\"wpforms-250-field_1-container\" class=\"wpforms-field wpforms-field-email\" data-field-id=\"1\"><label class=\"wpforms-field-label\" for=\"wpforms-250-field_1\">Email <span class=\"wpforms-required-label\">*<\/span><\/label><input type=\"email\" id=\"wpforms-250-field_1\" class=\"wpforms-field-medium wpforms-field-required\" name=\"wpforms[fields][1]\" spellcheck=\"false\" required><\/div><div id=\"wpforms-250-field_2-container\" class=\"wpforms-field wpforms-field-textarea\" data-field-id=\"2\"><label class=\"wpforms-field-label\" for=\"wpforms-250-field_2\">Message <span class=\"wpforms-required-label\">*<\/span><\/label><textarea id=\"wpforms-250-field_2\" class=\"wpforms-field-medium wpforms-field-required\" name=\"wpforms[fields][2]\" required><\/textarea><\/div><\/div><!-- .wpforms-field-container --><div class=\"wpforms-field wpforms-field-hp\"><label for=\"wpforms-250-field-hp\" class=\"wpforms-field-label\">Email<\/label><input type=\"text\" name=\"wpforms[hp]\" id=\"wpforms-250-field-hp\" class=\"wpforms-field-medium\"><\/div><div class=\"wpforms-submit-container\" ><input type=\"hidden\" name=\"wpforms[id]\" value=\"250\"><input type=\"hidden\" name=\"page_title\" value=\"\"><input type=\"hidden\" name=\"page_url\" value=\"https:\/\/www.peanutbuttermachine.com\/fr\/wp-json\/wp\/v2\/pages\/259\"><input type=\"hidden\" name=\"url_referer\" value=\"\"><button type=\"submit\" name=\"wpforms[submit]\" id=\"wpforms-submit-250\" class=\"wpforms-submit\" data-alt-text=\"Sending...\" data-submit-text=\"Submit\" aria-live=\"assertive\" value=\"wpforms-submit\">Submit<\/button><\/div><\/form><\/div>  <!-- .wpforms-container -->\n<\/div>\n\t\t<\/aside>\t\t\t\t<\/div>\n\t\t\t\t<\/div>\n\t\t\t\t\t<\/div>\n\t\t<\/div>\n\t\t\t\t\t<\/div>\n\t\t<\/section>\n\t\t\t\t<section class=\"elementor-section elementor-top-section elementor-element elementor-element-76cc4b55 elementor-section-boxed elementor-section-height-default elementor-section-height-default\" data-id=\"76cc4b55\" data-element_type=\"section\">\n\t\t\t\t\t\t<div class=\"elementor-container elementor-column-gap-default\">\n\t\t\t\t\t<div class=\"elementor-column elementor-col-100 elementor-top-column elementor-element elementor-element-5709074f\" data-id=\"5709074f\" data-element_type=\"column\">\n\t\t\t<div class=\"elementor-widget-wrap elementor-element-populated\">\n\t\t\t\t\t\t<div class=\"elementor-element elementor-element-20d1020a elementor-widget elementor-widget-spacer\" data-id=\"20d1020a\" data-element_type=\"widget\" data-widget_type=\"spacer.default\">\n\t\t\t\t<div class=\"elementor-widget-container\">\n\t\t\t\t\t\t\t<div class=\"elementor-spacer\">\n\t\t\t<div class=\"elementor-spacer-inner\"><\/div>\n\t\t<\/div>\n\t\t\t\t\t\t<\/div>\n\t\t\t\t<\/div>\n\t\t\t\t\t<\/div>\n\t\t<\/div>\n\t\t\t\t\t<\/div>\n\t\t<\/section>\n\t\t\t\t<\/div>\n\t\t","protected":false},"excerpt":{"rendered":"<p>Techniques Pr\u00e9traitement de l\u2019arachide pour la fabrication du beurre d\u2019arachide News &amp; Technicals Pr\u00e9traitement de l\u2019arachide pour la fabrication du beurre d\u2019arachide Les arachides doivent \u00eatre pr\u00e9trait\u00e9es dans la production d\u2019huile, de beurre d\u2019arachide et d\u2019autres produits d\u2019arachide transform\u00e9s en profondeur. Le pr\u00e9traitement des arachides comprend principalement le stockage, le nettoyage, le classement, le d\u00e9corticage, &hellip;<\/p>\n<p class=\"read-more\"> <a class=\"\" href=\"https:\/\/www.peanutbuttermachine.com\/fr\/technicals\/\"> <span class=\"screen-reader-text\">Techniques<\/span> Lire la suite\u00a0\u00bb<\/a><\/p>\n","protected":false},"author":1,"featured_media":0,"parent":0,"menu_order":0,"comment_status":"closed","ping_status":"closed","template":"elementor_header_footer","meta":{"footnotes":""},"class_list":["post-259","page","type-page","status-publish","hentry"],"_links":{"self":[{"href":"https:\/\/www.peanutbuttermachine.com\/fr\/wp-json\/wp\/v2\/pages\/259","targetHints":{"allow":["GET"]}}],"collection":[{"href":"https:\/\/www.peanutbuttermachine.com\/fr\/wp-json\/wp\/v2\/pages"}],"about":[{"href":"https:\/\/www.peanutbuttermachine.com\/fr\/wp-json\/wp\/v2\/types\/page"}],"author":[{"embeddable":true,"href":"https:\/\/www.peanutbuttermachine.com\/fr\/wp-json\/wp\/v2\/users\/1"}],"replies":[{"embeddable":true,"href":"https:\/\/www.peanutbuttermachine.com\/fr\/wp-json\/wp\/v2\/comments?post=259"}],"version-history":[{"count":3,"href":"https:\/\/www.peanutbuttermachine.com\/fr\/wp-json\/wp\/v2\/pages\/259\/revisions"}],"predecessor-version":[{"id":473,"href":"https:\/\/www.peanutbuttermachine.com\/fr\/wp-json\/wp\/v2\/pages\/259\/revisions\/473"}],"wp:attachment":[{"href":"https:\/\/www.peanutbuttermachine.com\/fr\/wp-json\/wp\/v2\/media?parent=259"}],"curies":[{"name":"wp","href":"https:\/\/api.w.org\/{rel}","templated":true}]}}