{"id":255,"date":"2019-11-28T07:35:51","date_gmt":"2019-11-28T07:35:51","guid":{"rendered":"http:\/\/www.peanutbuttermachine.com\/fr\/?page_id=255"},"modified":"2020-02-28T06:58:59","modified_gmt":"2020-02-28T06:58:59","slug":"solutions","status":"publish","type":"page","link":"https:\/\/www.peanutbuttermachine.com\/fr\/solutions\/","title":{"rendered":"Solutions"},"content":{"rendered":"\t\t<div data-elementor-type=\"wp-page\" data-elementor-id=\"255\" class=\"elementor elementor-255\">\n\t\t\t\t\t\t<section class=\"elementor-section elementor-top-section elementor-element elementor-element-4a911d05 elementor-section-full_width elementor-section-content-bottom elementor-section-height-default elementor-section-height-default\" data-id=\"4a911d05\" data-element_type=\"section\" data-settings=\"{&quot;background_background&quot;:&quot;classic&quot;}\">\n\t\t\t\t\t\t\t<div class=\"elementor-background-overlay\"><\/div>\n\t\t\t\t\t\t\t<div class=\"elementor-container elementor-column-gap-no\">\n\t\t\t\t\t<div class=\"elementor-column elementor-col-100 elementor-top-column elementor-element elementor-element-2033d3e4\" data-id=\"2033d3e4\" data-element_type=\"column\">\n\t\t\t<div class=\"elementor-widget-wrap elementor-element-populated\">\n\t\t\t\t\t\t<section class=\"elementor-section elementor-inner-section elementor-element elementor-element-1ffd4816 elementor-section-boxed elementor-section-height-default elementor-section-height-default\" data-id=\"1ffd4816\" data-element_type=\"section\">\n\t\t\t\t\t\t<div class=\"elementor-container elementor-column-gap-default\">\n\t\t\t\t\t<div class=\"elementor-column elementor-col-50 elementor-inner-column elementor-element elementor-element-648db0db\" data-id=\"648db0db\" data-element_type=\"column\">\n\t\t\t<div class=\"elementor-widget-wrap elementor-element-populated\">\n\t\t\t\t\t\t<div class=\"elementor-element elementor-element-3ec37cab elementor-widget elementor-widget-heading\" data-id=\"3ec37cab\" data-element_type=\"widget\" data-widget_type=\"heading.default\">\n\t\t\t\t<div class=\"elementor-widget-container\">\n\t\t\t\t\t<h1 class=\"elementor-heading-title elementor-size-default\">Solutions<\/h1>\t\t\t\t<\/div>\n\t\t\t\t<\/div>\n\t\t\t\t\t<\/div>\n\t\t<\/div>\n\t\t\t\t<div class=\"elementor-column elementor-col-50 elementor-inner-column elementor-element elementor-element-5e035ff4\" data-id=\"5e035ff4\" data-element_type=\"column\">\n\t\t\t<div class=\"elementor-widget-wrap\">\n\t\t\t\t\t\t\t<\/div>\n\t\t<\/div>\n\t\t\t\t\t<\/div>\n\t\t<\/section>\n\t\t\t\t\t<\/div>\n\t\t<\/div>\n\t\t\t\t\t<\/div>\n\t\t<\/section>\n\t\t\t\t<section class=\"elementor-section elementor-top-section elementor-element elementor-element-152d0c52 elementor-section-boxed elementor-section-height-default elementor-section-height-default\" data-id=\"152d0c52\" data-element_type=\"section\">\n\t\t\t\t\t\t<div class=\"elementor-container elementor-column-gap-default\">\n\t\t\t\t\t<div class=\"elementor-column elementor-col-66 elementor-top-column elementor-element elementor-element-776f6b51\" data-id=\"776f6b51\" data-element_type=\"column\">\n\t\t\t<div class=\"elementor-widget-wrap elementor-element-populated\">\n\t\t\t\t\t\t<div class=\"elementor-element elementor-element-1c6b8dc elementor-widget elementor-widget-spacer\" data-id=\"1c6b8dc\" data-element_type=\"widget\" data-widget_type=\"spacer.default\">\n\t\t\t\t<div class=\"elementor-widget-container\">\n\t\t\t\t\t\t\t<div class=\"elementor-spacer\">\n\t\t\t<div class=\"elementor-spacer-inner\"><\/div>\n\t\t<\/div>\n\t\t\t\t\t\t<\/div>\n\t\t\t\t<\/div>\n\t\t\t\t<div class=\"elementor-element elementor-element-a8ab465 elementor-widget elementor-widget-obfx-posts-grid\" data-id=\"a8ab465\" data-element_type=\"widget\" data-widget_type=\"obfx-posts-grid.default\">\n\t\t\t\t<div class=\"elementor-widget-container\">\n\t\t\t\t\t<div class=\"obfx-grid\"><div class=\"obfx-grid-container obfx-grid-style-list obfx-grid-desktop-1\"><div class=\"obfx-grid-wrapper\"><article class=\"obfx-grid-col obfx-no-image\"><div class=\"obfx-grid-col-content\">\t\t\t<div class=\"entry-content obfx-grid-content\">\n\t\t\t\tNews &#038; Technicals PROCESSUS DE PRODUCTION DE REPAS D&rsquo;ARACHIDE INTRODUCTION La farine d&rsquo;arachide est d\u00e9licieuse et peut \u00eatre ajout\u00e9e \u00e0 divers aliments en tant qu&rsquo;additif pour am\u00e9liorer la valeur nutritionnelle, la poudre d&rsquo;arachide peut \u00eatre directement ajout\u00e9e aux boissons ou au lait en suspension pour faire diverses boissons, ou comme\u2026\t\t\t<\/div>\n\t\t\t<\/div><\/article><\/div><div class=\"obfx-grid-wrapper\"><article class=\"obfx-grid-col obfx-no-image\"><div class=\"obfx-grid-col-content\">\t\t\t<div class=\"entry-content obfx-grid-content\">\n\t\t\t\tTechnicals Les arachides doivent \u00eatre pr\u00e9trait\u00e9es dans la production d&rsquo;huile, de beurre d&rsquo;arachide et d&rsquo;autres produits d&rsquo;arachide transform\u00e9s en profondeur. Le pr\u00e9traitement des arachides comprend principalement le stockage, le nettoyage, le calibrage, le d\u00e9corticage, le s\u00e9chage, l&rsquo;\u00e9limination de la peau rouge, le broyage, le ramollissement, le laminage et la cuisson\u2026\t\t\t<\/div>\n\t\t\t<\/div><\/article><\/div><div class=\"obfx-grid-wrapper\"><article class=\"obfx-grid-col\"><div class=\"obfx-grid-col-image\" ><a href=\"https:\/\/www.peanutbuttermachine.com\/fr\/solutions\/ligne-de-production-de-friture-darachides\/\" title=\"LIGNE DE PRODUCTION DE FRITURE D&rsquo;ARACHIDES\"><img fetchpriority=\"high\" decoding=\"async\" width=\"800\" height=\"600\" src=\"\/\/www.peanutbuttermachine.com\/fr\/wp-content\/plugins\/a3-lazy-load\/assets\/images\/lazy_placeholder.gif\" data-lazy-type=\"image\" data-src=\"https:\/\/www.peanutbuttermachine.com\/fr\/wp-content\/uploads\/2019\/11\/pb4.jpg\" class=\"lazy lazy-hidden img-responsive wp-post-image\" alt=\"pb4.jpg\" srcset=\"\" data-srcset=\"https:\/\/www.peanutbuttermachine.com\/fr\/wp-content\/uploads\/2019\/11\/pb4.jpg 800w, https:\/\/www.peanutbuttermachine.com\/fr\/wp-content\/uploads\/2019\/11\/pb4-300x225.jpg 300w, https:\/\/www.peanutbuttermachine.com\/fr\/wp-content\/uploads\/2019\/11\/pb4-768x576.jpg 768w\" sizes=\"(max-width: 800px) 100vw, 800px\" \/><noscript><img decoding=\"async\" width=\"800\" height=\"600\" src=\"https:\/\/www.peanutbuttermachine.com\/fr\/wp-content\/uploads\/2019\/11\/pb4.jpg\" class=\"img-responsive wp-post-image\" alt=\"pb4.jpg\" srcset=\"https:\/\/www.peanutbuttermachine.com\/fr\/wp-content\/uploads\/2019\/11\/pb4.jpg 800w, https:\/\/www.peanutbuttermachine.com\/fr\/wp-content\/uploads\/2019\/11\/pb4-300x225.jpg 300w, https:\/\/www.peanutbuttermachine.com\/fr\/wp-content\/uploads\/2019\/11\/pb4-768x576.jpg 768w\" sizes=\"(max-width: 800px) 100vw, 800px\" \/><\/noscript><\/a><\/div><div class=\"obfx-grid-col-content\">\t\t\t<div class=\"entry-content obfx-grid-content\">\n\t\t\t\tLIGNE DE PRODUCTION DE FRITURE D&rsquo;ARACHIDES La ligne de production automatique de friture d&rsquo;arachide se compose de deux parties: l&rsquo;une est \u00e9chaudage et pelage, l&rsquo;autre est friture, d\u00e9graissage et m\u00e9lange. La machine \u00e0 frire aux arachides peut synth\u00e9tiser les mati\u00e8res premi\u00e8res entrant dans la friteuse \u00e0 partir de la friture\u2026\t\t\t<\/div>\n\t\t\t<\/div><\/article><\/div>\t\t\t\t<div class=\"obfx-grid-pagination\">\n\t\t\t\t\t\t\t\t\t\t<nav class=\"pagination\">\n\t\t\t\t\t\t\t\t\t\t\t<\/nav>\n\t\t\t\t<\/div>\n\t\t\t\t<\/div><!-- .obfx-grid-container --><\/div><!-- .obfx-grid -->\t\t\t\t<\/div>\n\t\t\t\t<\/div>\n\t\t\t\t<div class=\"elementor-element elementor-element-40db6740 elementor-hidden-tablet elementor-hidden-phone elementor-widget elementor-widget-spacer\" data-id=\"40db6740\" data-element_type=\"widget\" data-widget_type=\"spacer.default\">\n\t\t\t\t<div class=\"elementor-widget-container\">\n\t\t\t\t\t\t\t<div class=\"elementor-spacer\">\n\t\t\t<div class=\"elementor-spacer-inner\"><\/div>\n\t\t<\/div>\n\t\t\t\t\t\t<\/div>\n\t\t\t\t<\/div>\n\t\t\t\t\t<\/div>\n\t\t<\/div>\n\t\t\t\t<div class=\"elementor-column elementor-col-33 elementor-top-column elementor-element elementor-element-67e1856e\" data-id=\"67e1856e\" data-element_type=\"column\">\n\t\t\t<div class=\"elementor-widget-wrap elementor-element-populated\">\n\t\t\t\t\t\t<div class=\"elementor-element elementor-element-14e35817 elementor-hidden-tablet elementor-hidden-phone elementor-widget elementor-widget-spacer\" data-id=\"14e35817\" data-element_type=\"widget\" data-widget_type=\"spacer.default\">\n\t\t\t\t<div class=\"elementor-widget-container\">\n\t\t\t\t\t\t\t<div class=\"elementor-spacer\">\n\t\t\t<div class=\"elementor-spacer-inner\"><\/div>\n\t\t<\/div>\n\t\t\t\t\t\t<\/div>\n\t\t\t\t<\/div>\n\t\t\t\t<div class=\"elementor-element elementor-element-4a0e16e2 elementor-widget elementor-widget-sidebar\" data-id=\"4a0e16e2\" data-element_type=\"widget\" data-widget_type=\"sidebar.default\">\n\t\t\t\t<div class=\"elementor-widget-container\">\n\t\t\t\t\t<aside id=\"nav_menu-2\" class=\"widget widget_nav_menu\"><h2 class=\"widget-title\">Produits<\/h2><div class=\"menu-side-menu-container\"><ul id=\"menu-side-menu\" class=\"menu\"><li id=\"menu-item-324\" class=\"menu-item menu-item-type-post_type menu-item-object-post menu-item-324\"><a href=\"https:\/\/www.peanutbuttermachine.com\/fr\/products\/peanut-roaster-machine\/\">Torr\u00e9facteur D&rsquo;arachide<\/a><\/li>\n<li id=\"menu-item-326\" class=\"menu-item menu-item-type-post_type menu-item-object-post menu-item-326\"><a href=\"https:\/\/www.peanutbuttermachine.com\/fr\/products\/peanut-peeling-machine\/\">\u00e9plucheur D&rsquo;arachides<\/a><\/li>\n<li id=\"menu-item-323\" class=\"menu-item menu-item-type-post_type menu-item-object-post menu-item-323\"><a href=\"https:\/\/www.peanutbuttermachine.com\/fr\/products\/peanut-butter-machine\/\">Moulin \u00e0 Beurre de Cacahu\u00e8te<\/a><\/li>\n<li id=\"menu-item-325\" class=\"menu-item menu-item-type-post_type menu-item-object-post menu-item-325\"><a href=\"https:\/\/www.peanutbuttermachine.com\/fr\/products\/peanut-butter-filling-machine\/\">Ensacheur D\u2019 Arachide<\/a><\/li>\n<li id=\"menu-item-322\" class=\"menu-item menu-item-type-post_type menu-item-object-post menu-item-322\"><a href=\"https:\/\/www.peanutbuttermachine.com\/fr\/products\/peanut-butter-production-line\/\">Ligne De Production De Beurre Arachide<\/a><\/li>\n<\/ul><\/div><\/aside>\n\t\t<aside id=\"recent-posts-2\" class=\"widget widget_recent_entries\">\n\t\t<h2 class=\"widget-title\">Nouvelles et Techniques<\/h2>\n\t\t<ul>\n\t\t\t\t\t\t\t\t\t\t\t<li>\n\t\t\t\t\t<a href=\"https:\/\/www.peanutbuttermachine.com\/fr\/technicals\/traitement-des-boissons-aux-amandes-par-colloid-mill\/\">TRAITEMENT DES BOISSONS AUX AMANDES PAR COLLOID MILL<\/a>\n\t\t\t\t\t\t\t\t\t<\/li>\n\t\t\t\t\t\t\t\t\t\t\t<li>\n\t\t\t\t\t<a href=\"https:\/\/www.peanutbuttermachine.com\/fr\/technicals\/types-de-machines-a-rotir-de-noix-et-avantages\/\">TYPES DE MACHINES \u00c0 R\u00d4TIR DE NOIX ET AVANTAGES<\/a>\n\t\t\t\t\t\t\t\t\t<\/li>\n\t\t\t\t\t\t\t\t\t\t\t<li>\n\t\t\t\t\t<a href=\"https:\/\/www.peanutbuttermachine.com\/fr\/solutions\/processus-de-production-de-repas-darachide-introduction\/\">PROCESSUS DE PRODUCTION DE REPAS D&rsquo;ARACHIDE INTRODUCTION<\/a>\n\t\t\t\t\t\t\t\t\t<\/li>\n\t\t\t\t\t\t\t\t\t\t\t<li>\n\t\t\t\t\t<a href=\"https:\/\/www.peanutbuttermachine.com\/fr\/solutions\/pre-traitement-de-larachide-pour-la-fabrication-du-beurre-darachide\/\">Pr\u00e9-traitement de l&rsquo;arachide pour la fabrication du beurre d&rsquo;arachide<\/a>\n\t\t\t\t\t\t\t\t\t<\/li>\n\t\t\t\t\t\t\t\t\t\t\t<li>\n\t\t\t\t\t<a href=\"https:\/\/www.peanutbuttermachine.com\/fr\/solutions\/ligne-de-production-de-friture-darachides\/\">LIGNE DE PRODUCTION DE FRITURE D&rsquo;ARACHIDES<\/a>\n\t\t\t\t\t\t\t\t\t<\/li>\n\t\t\t\t\t<\/ul>\n\n\t\t<\/aside><aside id=\"text-2\" class=\"widget widget_text\"><h2 class=\"widget-title\">Contactez Nous<\/h2>\t\t\t<div class=\"textwidget\"><p>Email:<a href=\"mailto:info@peanutbuttermachine.com\">\u00a0info@peanutbuttermachine.com<\/a><\/p>\n<div class=\"wpforms-container \" id=\"wpforms-250\"><form id=\"wpforms-form-250\" class=\"wpforms-validate wpforms-form\" data-formid=\"250\" method=\"post\" enctype=\"multipart\/form-data\" action=\"\/fr\/wp-json\/wp\/v2\/pages\/255\" data-token=\"4e0d85d0fb8115e9e9ec1046fc149d7d\" data-token-time=\"1776957662\"><noscript class=\"wpforms-error-noscript\">Veuillez activer JavaScript dans votre navigateur pour remplir ce formulaire.<\/noscript><div class=\"wpforms-field-container\"><div id=\"wpforms-250-field_1-container\" class=\"wpforms-field wpforms-field-email\" data-field-id=\"1\"><label class=\"wpforms-field-label\" for=\"wpforms-250-field_1\">Email <span class=\"wpforms-required-label\">*<\/span><\/label><input type=\"email\" id=\"wpforms-250-field_1\" class=\"wpforms-field-medium wpforms-field-required\" name=\"wpforms[fields][1]\" spellcheck=\"false\" required><\/div><div id=\"wpforms-250-field_2-container\" class=\"wpforms-field wpforms-field-textarea\" data-field-id=\"2\"><label class=\"wpforms-field-label\" for=\"wpforms-250-field_2\">Message <span class=\"wpforms-required-label\">*<\/span><\/label><textarea id=\"wpforms-250-field_2\" class=\"wpforms-field-medium wpforms-field-required\" name=\"wpforms[fields][2]\" required><\/textarea><\/div><\/div><!-- .wpforms-field-container --><div class=\"wpforms-field wpforms-field-hp\"><label for=\"wpforms-250-field-hp\" class=\"wpforms-field-label\">Message<\/label><input type=\"text\" name=\"wpforms[hp]\" id=\"wpforms-250-field-hp\" class=\"wpforms-field-medium\"><\/div><div class=\"wpforms-submit-container\" ><input type=\"hidden\" name=\"wpforms[id]\" value=\"250\"><input type=\"hidden\" name=\"page_title\" value=\"\"><input type=\"hidden\" name=\"page_url\" value=\"https:\/\/www.peanutbuttermachine.com\/fr\/wp-json\/wp\/v2\/pages\/255\"><input type=\"hidden\" name=\"url_referer\" value=\"\"><button type=\"submit\" name=\"wpforms[submit]\" id=\"wpforms-submit-250\" class=\"wpforms-submit\" data-alt-text=\"Sending...\" data-submit-text=\"Submit\" aria-live=\"assertive\" value=\"wpforms-submit\">Submit<\/button><\/div><\/form><\/div>  <!-- .wpforms-container -->\n<\/div>\n\t\t<\/aside>\t\t\t\t<\/div>\n\t\t\t\t<\/div>\n\t\t\t\t\t<\/div>\n\t\t<\/div>\n\t\t\t\t\t<\/div>\n\t\t<\/section>\n\t\t\t\t<section class=\"elementor-section elementor-top-section elementor-element elementor-element-2d3f8df4 elementor-section-boxed elementor-section-height-default elementor-section-height-default\" data-id=\"2d3f8df4\" data-element_type=\"section\">\n\t\t\t\t\t\t<div class=\"elementor-container elementor-column-gap-default\">\n\t\t\t\t\t<div class=\"elementor-column elementor-col-100 elementor-top-column elementor-element elementor-element-393ff6c9\" data-id=\"393ff6c9\" data-element_type=\"column\">\n\t\t\t<div class=\"elementor-widget-wrap elementor-element-populated\">\n\t\t\t\t\t\t<div class=\"elementor-element elementor-element-45faa909 elementor-widget elementor-widget-spacer\" data-id=\"45faa909\" data-element_type=\"widget\" data-widget_type=\"spacer.default\">\n\t\t\t\t<div class=\"elementor-widget-container\">\n\t\t\t\t\t\t\t<div class=\"elementor-spacer\">\n\t\t\t<div class=\"elementor-spacer-inner\"><\/div>\n\t\t<\/div>\n\t\t\t\t\t\t<\/div>\n\t\t\t\t<\/div>\n\t\t\t\t\t<\/div>\n\t\t<\/div>\n\t\t\t\t\t<\/div>\n\t\t<\/section>\n\t\t\t\t<section class=\"elementor-section elementor-top-section elementor-element elementor-element-18014991 elementor-section-content-bottom elementor-hidden-tablet elementor-hidden-phone elementor-section-boxed elementor-section-height-default elementor-section-height-default\" data-id=\"18014991\" data-element_type=\"section\" data-settings=\"{&quot;background_background&quot;:&quot;classic&quot;}\">\n\t\t\t\t\t\t\t<div class=\"elementor-background-overlay\"><\/div>\n\t\t\t\t\t\t\t<div class=\"elementor-container elementor-column-gap-no\">\n\t\t\t\t\t<div class=\"elementor-column elementor-col-100 elementor-top-column elementor-element elementor-element-7bb4b3f5\" data-id=\"7bb4b3f5\" data-element_type=\"column\">\n\t\t\t<div class=\"elementor-widget-wrap elementor-element-populated\">\n\t\t\t\t\t\t<div class=\"elementor-element elementor-element-71a50029 elementor-widget elementor-widget-heading\" data-id=\"71a50029\" data-element_type=\"widget\" data-widget_type=\"heading.default\">\n\t\t\t\t<div class=\"elementor-widget-container\">\n\t\t\t\t\t<p class=\"elementor-heading-title elementor-size-default\">Have More Question?<\/p>\t\t\t\t<\/div>\n\t\t\t\t<\/div>\n\t\t\t\t<div class=\"elementor-element elementor-element-15575e35 elementor-widget-divider--view-line elementor-widget elementor-widget-divider\" data-id=\"15575e35\" data-element_type=\"widget\" data-widget_type=\"divider.default\">\n\t\t\t\t<div class=\"elementor-widget-container\">\n\t\t\t\t\t\t\t<div class=\"elementor-divider\">\n\t\t\t<span class=\"elementor-divider-separator\">\n\t\t\t\t\t\t<\/span>\n\t\t<\/div>\n\t\t\t\t\t\t<\/div>\n\t\t\t\t<\/div>\n\t\t\t\t<div class=\"elementor-element elementor-element-5ee43074 elementor-widget elementor-widget-text-editor\" data-id=\"5ee43074\" data-element_type=\"widget\" data-widget_type=\"text-editor.default\">\n\t\t\t\t<div class=\"elementor-widget-container\">\n\t\t\t\t\t\t\t\t\t<div class=\"wpforms-container \" id=\"wpforms-5\"><form id=\"wpforms-form-5\" class=\"wpforms-validate wpforms-form\" data-formid=\"5\" method=\"post\" enctype=\"multipart\/form-data\" action=\"\/fr\/wp-json\/wp\/v2\/pages\/255\" data-token=\"48b1907002f81ed3d33475af4c1cda7c\" data-token-time=\"1776957662\"><noscript class=\"wpforms-error-noscript\">Veuillez activer JavaScript dans votre navigateur pour remplir ce formulaire.<\/noscript><div class=\"wpforms-field-container\"><div id=\"wpforms-5-field_0-container\" class=\"wpforms-field wpforms-field-name\" data-field-id=\"0\"><label class=\"wpforms-field-label\" for=\"wpforms-5-field_0\">Nom du contact<\/label><input type=\"text\" id=\"wpforms-5-field_0\" class=\"wpforms-field-large\" name=\"wpforms[fields][0]\" ><\/div><div id=\"wpforms-5-field_1-container\" class=\"wpforms-field wpforms-field-email\" data-field-id=\"1\"><label class=\"wpforms-field-label\" for=\"wpforms-5-field_1\">Email: <span class=\"wpforms-required-label\">*<\/span><\/label><input type=\"email\" id=\"wpforms-5-field_1\" class=\"wpforms-field-large wpforms-field-required\" name=\"wpforms[fields][1]\" spellcheck=\"false\" required><\/div><div id=\"wpforms-5-field_3-container\" class=\"wpforms-field wpforms-field-text\" data-field-id=\"3\"><label class=\"wpforms-field-label\" for=\"wpforms-5-field_3\">Capacit\u00e9 de production<\/label><input type=\"text\" id=\"wpforms-5-field_3\" class=\"wpforms-field-large\" name=\"wpforms[fields][3]\" ><\/div><div id=\"wpforms-5-field_2-container\" class=\"wpforms-field wpforms-field-textarea\" data-field-id=\"2\"><label class=\"wpforms-field-label\" for=\"wpforms-5-field_2\">Message<\/label><textarea id=\"wpforms-5-field_2\" class=\"wpforms-field-medium\" name=\"wpforms[fields][2]\" ><\/textarea><\/div><\/div><!-- .wpforms-field-container --><div class=\"wpforms-field wpforms-field-hp\"><label for=\"wpforms-5-field-hp\" class=\"wpforms-field-label\">Phone<\/label><input type=\"text\" name=\"wpforms[hp]\" id=\"wpforms-5-field-hp\" class=\"wpforms-field-medium\"><\/div><div class=\"wpforms-submit-container\" ><input type=\"hidden\" name=\"wpforms[id]\" value=\"5\"><input type=\"hidden\" name=\"page_title\" value=\"\"><input type=\"hidden\" name=\"page_url\" value=\"https:\/\/www.peanutbuttermachine.com\/fr\/wp-json\/wp\/v2\/pages\/255\"><input type=\"hidden\" name=\"url_referer\" value=\"\"><button type=\"submit\" name=\"wpforms[submit]\" id=\"wpforms-submit-5\" class=\"wpforms-submit\" data-alt-text=\"Sending...\" data-submit-text=\"Send\" aria-live=\"assertive\" value=\"wpforms-submit\">Send<\/button><\/div><\/form><\/div>  <!-- .wpforms-container -->\t\t\t\t\t\t\t\t<\/div>\n\t\t\t\t<\/div>\n\t\t\t\t\t<\/div>\n\t\t<\/div>\n\t\t\t\t\t<\/div>\n\t\t<\/section>\n\t\t\t\t<\/div>\n\t\t","protected":false},"excerpt":{"rendered":"<p>Solutions LIGNE DE PRODUCTION DE FRITURE D&rsquo;ARACHIDES LIGNE DE PRODUCTION DE FRITURE D&rsquo;ARACHIDES La ligne de production automatique de friture d&rsquo;arachide se compose de deux parties: l&rsquo;une est \u00e9chaudage et pelage, l&rsquo;autre est friture, d\u00e9graissage et m\u00e9lange. La machine \u00e0 frire aux arachides peut synth\u00e9tiser les mati\u00e8res premi\u00e8res entrant dans la&hellip; Have More Question?<\/p>\n","protected":false},"author":1,"featured_media":0,"parent":0,"menu_order":0,"comment_status":"closed","ping_status":"closed","template":"elementor_header_footer","meta":{"footnotes":""},"class_list":["post-255","page","type-page","status-publish","hentry"],"_links":{"self":[{"href":"https:\/\/www.peanutbuttermachine.com\/fr\/wp-json\/wp\/v2\/pages\/255","targetHints":{"allow":["GET"]}}],"collection":[{"href":"https:\/\/www.peanutbuttermachine.com\/fr\/wp-json\/wp\/v2\/pages"}],"about":[{"href":"https:\/\/www.peanutbuttermachine.com\/fr\/wp-json\/wp\/v2\/types\/page"}],"author":[{"embeddable":true,"href":"https:\/\/www.peanutbuttermachine.com\/fr\/wp-json\/wp\/v2\/users\/1"}],"replies":[{"embeddable":true,"href":"https:\/\/www.peanutbuttermachine.com\/fr\/wp-json\/wp\/v2\/comments?post=255"}],"version-history":[{"count":5,"href":"https:\/\/www.peanutbuttermachine.com\/fr\/wp-json\/wp\/v2\/pages\/255\/revisions"}],"predecessor-version":[{"id":532,"href":"https:\/\/www.peanutbuttermachine.com\/fr\/wp-json\/wp\/v2\/pages\/255\/revisions\/532"}],"wp:attachment":[{"href":"https:\/\/www.peanutbuttermachine.com\/fr\/wp-json\/wp\/v2\/media?parent=255"}],"curies":[{"name":"wp","href":"https:\/\/api.w.org\/{rel}","templated":true}]}}