{"id":10,"date":"2018-10-09T09:16:29","date_gmt":"2018-10-09T09:16:29","guid":{"rendered":"https:\/\/websitedemos.net\/alex23\/?page_id=7"},"modified":"2019-12-02T09:03:57","modified_gmt":"2019-12-02T09:03:57","slug":"about","status":"publish","type":"page","link":"https:\/\/www.peanutbuttermachine.com\/fr\/about\/","title":{"rendered":"Profil"},"content":{"rendered":"\t\t<div data-elementor-type=\"wp-post\" data-elementor-id=\"10\" class=\"elementor elementor-10\">\n\t\t\t\t\t\t<section class=\"elementor-section elementor-top-section elementor-element elementor-element-5c0922b0 elementor-section-full_width elementor-section-content-bottom elementor-section-height-default elementor-section-height-default\" data-id=\"5c0922b0\" data-element_type=\"section\" data-settings=\"{&quot;background_background&quot;:&quot;classic&quot;}\">\n\t\t\t\t\t\t\t<div class=\"elementor-background-overlay\"><\/div>\n\t\t\t\t\t\t\t<div class=\"elementor-container elementor-column-gap-no\">\n\t\t\t\t\t<div class=\"elementor-column elementor-col-100 elementor-top-column elementor-element elementor-element-7309550f\" data-id=\"7309550f\" data-element_type=\"column\">\n\t\t\t<div class=\"elementor-widget-wrap elementor-element-populated\">\n\t\t\t\t\t\t<section class=\"elementor-section elementor-inner-section elementor-element elementor-element-4e324d76 elementor-section-boxed elementor-section-height-default elementor-section-height-default\" data-id=\"4e324d76\" data-element_type=\"section\">\n\t\t\t\t\t\t<div class=\"elementor-container elementor-column-gap-default\">\n\t\t\t\t\t<div class=\"elementor-column elementor-col-50 elementor-inner-column elementor-element elementor-element-59f34501\" data-id=\"59f34501\" data-element_type=\"column\">\n\t\t\t<div class=\"elementor-widget-wrap elementor-element-populated\">\n\t\t\t\t\t\t<div class=\"elementor-element elementor-element-e2c7d82 elementor-widget elementor-widget-heading\" data-id=\"e2c7d82\" data-element_type=\"widget\" data-widget_type=\"heading.default\">\n\t\t\t\t<div class=\"elementor-widget-container\">\n\t\t\t\t\t<h1 class=\"elementor-heading-title elementor-size-default\">\u00e0 propos de nous<\/h1>\t\t\t\t<\/div>\n\t\t\t\t<\/div>\n\t\t\t\t\t<\/div>\n\t\t<\/div>\n\t\t\t\t<div class=\"elementor-column elementor-col-50 elementor-inner-column elementor-element elementor-element-72789eea\" data-id=\"72789eea\" data-element_type=\"column\">\n\t\t\t<div class=\"elementor-widget-wrap\">\n\t\t\t\t\t\t\t<\/div>\n\t\t<\/div>\n\t\t\t\t\t<\/div>\n\t\t<\/section>\n\t\t\t\t\t<\/div>\n\t\t<\/div>\n\t\t\t\t\t<\/div>\n\t\t<\/section>\n\t\t\t\t<section class=\"elementor-section elementor-top-section elementor-element elementor-element-28efc82e elementor-section-content-middle elementor-section-boxed elementor-section-height-default elementor-section-height-default\" data-id=\"28efc82e\" data-element_type=\"section\">\n\t\t\t\t\t\t<div class=\"elementor-container elementor-column-gap-no\">\n\t\t\t\t\t<div class=\"elementor-column elementor-col-100 elementor-top-column elementor-element elementor-element-3935c518\" data-id=\"3935c518\" data-element_type=\"column\">\n\t\t\t<div class=\"elementor-widget-wrap elementor-element-populated\">\n\t\t\t\t\t\t<div class=\"elementor-element elementor-element-2e5b6e40 elementor-widget elementor-widget-heading\" data-id=\"2e5b6e40\" data-element_type=\"widget\" data-widget_type=\"heading.default\">\n\t\t\t\t<div class=\"elementor-widget-container\">\n\t\t\t\t\t<h5 class=\"elementor-heading-title elementor-size-default\">Fabricant professionnel\n<\/h5>\t\t\t\t<\/div>\n\t\t\t\t<\/div>\n\t\t\t\t<div class=\"elementor-element elementor-element-3452871a elementor-widget elementor-widget-heading\" data-id=\"3452871a\" data-element_type=\"widget\" data-widget_type=\"heading.default\">\n\t\t\t\t<div class=\"elementor-widget-container\">\n\t\t\t\t\t<h2 class=\"elementor-heading-title elementor-size-default\">Machine \u00e0 beurre d'arachide Fabricant<\/h2>\t\t\t\t<\/div>\n\t\t\t\t<\/div>\n\t\t\t\t<div class=\"elementor-element elementor-element-3c2d1cae elementor-widget elementor-widget-text-editor\" data-id=\"3c2d1cae\" data-element_type=\"widget\" data-widget_type=\"text-editor.default\">\n\t\t\t\t<div class=\"elementor-widget-container\">\n\t\t\t\t\t\t\t\t\t<p>Nous HuanYang Machinery co ,. ltd est un fabricant d\u00e9di\u00e9 \u00e0 la recherche et au d\u00e9veloppement de machines de traitement en profondeur des arachides. Nous avons une forte force de R &amp; D, un syst\u00e8me de gestion strict et normalis\u00e9, une technologie de production excellente, des produits de qualit\u00e9 sup\u00e9rieure et un excellent service apr\u00e8s-vente, la soci\u00e9t\u00e9 est bas\u00e9e sur les besoins de la production alimentaire d\u2019arachides et de l\u2019industrie de la transformation.<\/p><p>Nos produits principaux sont la machine \u00e0 \u00e9plucher les arachides, la machine \u00e0 couper les f\u00e8ves, la machine \u00e0 \u00e9plucher le soja, l&rsquo;\u00e9plucheur d&rsquo;amandes, la m\u00e9thode de s\u00e9chage \u00e0 l&rsquo;arachide (rouleau \u00e0 sable \/ rouleau en caoutchouc), la machine \u00e0 \u00e9plucher les arachides, (machine \u00e9lectrique \/ charbon \/ gaz) , r\u00f4tissoire continue multifonctions, r\u00f4tissoire sal\u00e9e, r\u00f4tissoire balan\u00e7oire \u00e0 double couche enti\u00e8rement automatique, r\u00f4tissoire balan\u00e7oire, r\u00f4tissoire au s\u00e9same, friteuse automatique, \u00e9cr\u00e9meur \u00e0 huile enti\u00e8rement automatique, hachoir \u00e0 cacahou\u00e8te \u00e9quipement de classement, \u00e9quipement de nettoyage, transmission de levage, \u00e9quipement de refroidissement, etc.<\/p><p>Our main products are peanut peeling machine, broad bean cutting machine, soybean peeling machine, almond peeler, peanut dry method (sand roller \/ rubber roller) peeling machine, peanut half-grain peeling machine, (electric \/ coal \/ gas) peanut roasting machine, multi-function continuous roasting machine, salted roaster, fully automatic double-layer swing roaster, swing roasting machine, sesame roaster, automatic fryer, fully automatic oil skimmer, Peanut (pushing\/straight knife) chopper, peanut slicer, wrapper, mixer, grading equipment, cleaning equipment, lifting transmission, cooling equipment, etc.<\/p>\t\t\t\t\t\t\t\t<\/div>\n\t\t\t\t<\/div>\n\t\t\t\t\t<\/div>\n\t\t<\/div>\n\t\t\t\t\t<\/div>\n\t\t<\/section>\n\t\t\t\t<section class=\"elementor-section elementor-top-section elementor-element elementor-element-2a4f16ad elementor-section-boxed elementor-section-height-default elementor-section-height-default\" data-id=\"2a4f16ad\" data-element_type=\"section\">\n\t\t\t\t\t\t<div class=\"elementor-container elementor-column-gap-default\">\n\t\t\t\t\t<div class=\"elementor-column elementor-col-100 elementor-top-column elementor-element elementor-element-7882470e\" data-id=\"7882470e\" data-element_type=\"column\">\n\t\t\t<div class=\"elementor-widget-wrap elementor-element-populated\">\n\t\t\t\t\t\t<div class=\"elementor-element elementor-element-1efcdbda elementor-widget elementor-widget-image\" data-id=\"1efcdbda\" data-element_type=\"widget\" data-widget_type=\"image.default\">\n\t\t\t\t<div class=\"elementor-widget-container\">\n\t\t\t\t\t\t\t\t\t\t\t\t\t\t\t<img fetchpriority=\"high\" decoding=\"async\" width=\"1280\" height=\"300\" src=\"https:\/\/www.peanutbuttermachine.com\/fr\/wp-content\/uploads\/2019\/11\/7.jpg\" class=\"attachment-full size-full wp-image-126\" alt=\"\" srcset=\"https:\/\/www.peanutbuttermachine.com\/fr\/wp-content\/uploads\/2019\/11\/7.jpg 1280w, https:\/\/www.peanutbuttermachine.com\/fr\/wp-content\/uploads\/2019\/11\/7-300x70.jpg 300w, https:\/\/www.peanutbuttermachine.com\/fr\/wp-content\/uploads\/2019\/11\/7-1024x240.jpg 1024w, https:\/\/www.peanutbuttermachine.com\/fr\/wp-content\/uploads\/2019\/11\/7-768x180.jpg 768w\" sizes=\"(max-width: 1280px) 100vw, 1280px\" \/>\t\t\t\t\t\t\t\t\t\t\t\t\t\t\t<\/div>\n\t\t\t\t<\/div>\n\t\t\t\t\t<\/div>\n\t\t<\/div>\n\t\t\t\t\t<\/div>\n\t\t<\/section>\n\t\t\t\t<section class=\"elementor-section elementor-top-section elementor-element elementor-element-9a16bf3 elementor-section-content-top elementor-section-boxed elementor-section-height-default elementor-section-height-default\" data-id=\"9a16bf3\" data-element_type=\"section\">\n\t\t\t\t\t\t<div class=\"elementor-container elementor-column-gap-no\">\n\t\t\t\t\t<div class=\"elementor-column elementor-col-50 elementor-top-column elementor-element elementor-element-7e2f62b5\" data-id=\"7e2f62b5\" data-element_type=\"column\">\n\t\t\t<div class=\"elementor-widget-wrap elementor-element-populated\">\n\t\t\t\t\t\t<div class=\"elementor-element elementor-element-1fd8fead elementor-widget elementor-widget-heading\" data-id=\"1fd8fead\" data-element_type=\"widget\" data-widget_type=\"heading.default\">\n\t\t\t\t<div class=\"elementor-widget-container\">\n\t\t\t\t\t<h3 class=\"elementor-heading-title elementor-size-default\">\u00c9quipement am\u00e9lior\u00e9\n<\/h3>\t\t\t\t<\/div>\n\t\t\t\t<\/div>\n\t\t\t\t<div class=\"elementor-element elementor-element-1b9d3a7e elementor-widget elementor-widget-text-editor\" data-id=\"1b9d3a7e\" data-element_type=\"widget\" data-widget_type=\"text-editor.default\">\n\t\t\t\t<div class=\"elementor-widget-container\">\n\t\t\t\t\t\t\t\t\t<p>Nous poss\u00e9dons une s\u00e9rie d&rsquo;\u00e9quipements de traitement pour fabriquer des machines \u00e0 beurre de cacahu\u00e8tes de haute qualit\u00e9 et d&rsquo;autres machines de traitement des arachides. Telles que la d\u00e9coupeuse au laser, la plieuse hydraulique et la poin\u00e7onneuse \u00e0 commande num\u00e9rique.<\/p>\t\t\t\t\t\t\t\t<\/div>\n\t\t\t\t<\/div>\n\t\t\t\t<div class=\"elementor-element elementor-element-54845f8 elementor-widget elementor-widget-image\" data-id=\"54845f8\" data-element_type=\"widget\" data-widget_type=\"image.default\">\n\t\t\t\t<div class=\"elementor-widget-container\">\n\t\t\t\t\t\t\t\t\t\t\t\t\t\t\t<img decoding=\"async\" width=\"500\" height=\"281\" src=\"https:\/\/www.peanutbuttermachine.com\/fr\/wp-content\/uploads\/2019\/11\/peanut-butter-production-line.jpg\" class=\"attachment-full size-full wp-image-127\" alt=\"\" srcset=\"https:\/\/www.peanutbuttermachine.com\/fr\/wp-content\/uploads\/2019\/11\/peanut-butter-production-line.jpg 500w, https:\/\/www.peanutbuttermachine.com\/fr\/wp-content\/uploads\/2019\/11\/peanut-butter-production-line-300x169.jpg 300w\" sizes=\"(max-width: 500px) 100vw, 500px\" \/>\t\t\t\t\t\t\t\t\t\t\t\t\t\t\t<\/div>\n\t\t\t\t<\/div>\n\t\t\t\t\t<\/div>\n\t\t<\/div>\n\t\t\t\t<div class=\"elementor-column elementor-col-50 elementor-top-column elementor-element elementor-element-70e91fd4\" data-id=\"70e91fd4\" data-element_type=\"column\">\n\t\t\t<div class=\"elementor-widget-wrap elementor-element-populated\">\n\t\t\t\t\t\t<div class=\"elementor-element elementor-element-48447fad elementor-widget elementor-widget-heading\" data-id=\"48447fad\" data-element_type=\"widget\" data-widget_type=\"heading.default\">\n\t\t\t\t<div class=\"elementor-widget-container\">\n\t\t\t\t\t<p class=\"elementor-heading-title elementor-size-default\">Conception et fourniture de solutions compl\u00e8tes de ligne de production de beurre de cacahu\u00e8te\n<\/p>\t\t\t\t<\/div>\n\t\t\t\t<\/div>\n\t\t\t\t<div class=\"elementor-element elementor-element-4d94396f elementor-widget elementor-widget-text-editor\" data-id=\"4d94396f\" data-element_type=\"widget\" data-widget_type=\"text-editor.default\">\n\t\t\t\t<div class=\"elementor-widget-container\">\n\t\t\t\t\t\t\t\t\t<p>Notre soci\u00e9t\u00e9 est sp\u00e9cialis\u00e9e dans la recherche, le d\u00e9veloppement et la production de machines \u00e0 beurre de cacahu\u00e8te. Nous fabriquons et fournissons toutes sortes d\u2019\u00e9quipements de traitement de l\u2019arachide. Peu importe que vous soyez d\u00e9butant dans la production de beurre de cacahu\u00e8te ou pour mettre \u00e0 niveau l\u2019\u00e9quipement existant, nous concevons et fournissons une solution cl\u00e9 en main pour la production de beurre de cacahu\u00e8te en fonction de la capacit\u00e9 du client et de sa source de chauffage. Nous concevons et fournissons \u00e9galement des fours \u00e0 cacahu\u00e8tes, des machines \u00e0 r\u00f4tir les arachides au go\u00fbt, des \u00e9quipements pour la fabrication des arachides, des fours \u00e0 arachides, des fours \u00e0 s\u00e9same, des fours \u00e0 arachides \u00e9pic\u00e9s, des hachoirs \u00e0 arachides, des machines \u00e0 \u00e9plucher les arachides et des emballages cha\u00eene de production de p\u00e2te de s\u00e9same, cha\u00eene de production de beurre d&rsquo;arachide, cha\u00eene de production de fruits d&rsquo;arachide aromatis\u00e9e, ligne d&rsquo;arachide laiteuse, cha\u00eene de production d&rsquo;arachide \u00e9pic\u00e9e, cha\u00eene de production d&rsquo;arachide \u00e9pic\u00e9e, etc. W fournit \u00e0 la fois le savoir-faire artisanal et le formulateur de Rovide.<\/p>\t\t\t\t\t\t\t\t<\/div>\n\t\t\t\t<\/div>\n\t\t\t\t\t<\/div>\n\t\t<\/div>\n\t\t\t\t\t<\/div>\n\t\t<\/section>\n\t\t\t\t<section class=\"elementor-section elementor-top-section elementor-element elementor-element-56be27a2 elementor-section-boxed elementor-section-height-default elementor-section-height-default\" data-id=\"56be27a2\" data-element_type=\"section\">\n\t\t\t\t\t\t<div class=\"elementor-container elementor-column-gap-default\">\n\t\t\t\t\t<div class=\"elementor-column elementor-col-100 elementor-top-column elementor-element elementor-element-21a92fc9\" data-id=\"21a92fc9\" data-element_type=\"column\">\n\t\t\t<div class=\"elementor-widget-wrap elementor-element-populated\">\n\t\t\t\t\t\t<div class=\"elementor-element elementor-element-64e0e37a elementor-widget elementor-widget-text-editor\" data-id=\"64e0e37a\" data-element_type=\"widget\" data-widget_type=\"text-editor.default\">\n\t\t\t\t<div class=\"elementor-widget-container\">\n\t\t\t\t\t\t\t\t\t<p>Notre soci\u00e9t\u00e9 adh\u00e8re \u00e0 la philosophie d&rsquo;entreprise de \u00ab\u00a0pratique et innovante, service avec c\u0153ur\u00a0\u00bb, avec le principe \u00ab\u00a0exploitation et innovation, coop\u00e9ration et gagnant-gagnant\u00a0\u00bb, et aux \u00e9loges et au soutien du client pour l&rsquo;am\u00e9lioration progressive de la qualit\u00e9 du service apr\u00e8s-vente. ! L\u2019industrie a reconnu l\u2019int\u00e9grit\u00e9, la r\u00e9sistance et la qualit\u00e9 des produits de l\u2019usine de machines \u00e0 cacahu\u00e8tes Anqiu Zhengze. Des amis bienvenus de tous les horizons viennent visiter, guider et n\u00e9gocier des affaires. Tous les employ\u00e9s de la soci\u00e9t\u00e9 attendent sinc\u00e8rement votre appel.<\/p>\t\t\t\t\t\t\t\t<\/div>\n\t\t\t\t<\/div>\n\t\t\t\t\t<\/div>\n\t\t<\/div>\n\t\t\t\t\t<\/div>\n\t\t<\/section>\n\t\t\t\t<section class=\"elementor-section elementor-top-section elementor-element elementor-element-69519e82 elementor-section-boxed elementor-section-height-default elementor-section-height-default\" data-id=\"69519e82\" data-element_type=\"section\">\n\t\t\t\t\t\t<div class=\"elementor-container elementor-column-gap-default\">\n\t\t\t\t\t<div class=\"elementor-column elementor-col-100 elementor-top-column elementor-element elementor-element-413e9b81\" data-id=\"413e9b81\" data-element_type=\"column\">\n\t\t\t<div class=\"elementor-widget-wrap elementor-element-populated\">\n\t\t\t\t\t\t<div class=\"elementor-element elementor-element-3fc3f309 elementor-widget elementor-widget-heading\" data-id=\"3fc3f309\" data-element_type=\"widget\" data-widget_type=\"heading.default\">\n\t\t\t\t<div class=\"elementor-widget-container\">\n\t\t\t\t\t<p class=\"elementor-heading-title elementor-size-default\">Envoyer un message\n<\/p>\t\t\t\t<\/div>\n\t\t\t\t<\/div>\n\t\t\t\t<div class=\"elementor-element elementor-element-497a3d6e elementor-widget-divider--view-line elementor-widget elementor-widget-divider\" data-id=\"497a3d6e\" data-element_type=\"widget\" data-widget_type=\"divider.default\">\n\t\t\t\t<div class=\"elementor-widget-container\">\n\t\t\t\t\t\t\t<div class=\"elementor-divider\">\n\t\t\t<span class=\"elementor-divider-separator\">\n\t\t\t\t\t\t<\/span>\n\t\t<\/div>\n\t\t\t\t\t\t<\/div>\n\t\t\t\t<\/div>\n\t\t\t\t<div class=\"elementor-element elementor-element-63b968ec elementor-widget elementor-widget-text-editor\" data-id=\"63b968ec\" data-element_type=\"widget\" data-widget_type=\"text-editor.default\">\n\t\t\t\t<div class=\"elementor-widget-container\">\n\t\t\t\t\t\t\t\t\t<div class=\"wpforms-container \" id=\"wpforms-250\"><form id=\"wpforms-form-250\" class=\"wpforms-validate wpforms-form\" data-formid=\"250\" method=\"post\" enctype=\"multipart\/form-data\" action=\"\/fr\/wp-json\/wp\/v2\/pages\/10\" data-token=\"4e0d85d0fb8115e9e9ec1046fc149d7d\" data-token-time=\"1776957685\"><noscript class=\"wpforms-error-noscript\">Veuillez activer JavaScript dans votre navigateur pour remplir ce formulaire.<\/noscript><div class=\"wpforms-field-container\"><div id=\"wpforms-250-field_1-container\" class=\"wpforms-field wpforms-field-email\" data-field-id=\"1\"><label class=\"wpforms-field-label\" for=\"wpforms-250-field_1\">Email <span class=\"wpforms-required-label\">*<\/span><\/label><input type=\"email\" id=\"wpforms-250-field_1\" class=\"wpforms-field-medium wpforms-field-required\" name=\"wpforms[fields][1]\" spellcheck=\"false\" required><\/div><div id=\"wpforms-250-field_2-container\" class=\"wpforms-field wpforms-field-textarea\" data-field-id=\"2\"><label class=\"wpforms-field-label\" for=\"wpforms-250-field_2\">Message <span class=\"wpforms-required-label\">*<\/span><\/label><textarea id=\"wpforms-250-field_2\" class=\"wpforms-field-medium wpforms-field-required\" name=\"wpforms[fields][2]\" required><\/textarea><\/div><\/div><!-- .wpforms-field-container --><div class=\"wpforms-field wpforms-field-hp\"><label for=\"wpforms-250-field-hp\" class=\"wpforms-field-label\">Message<\/label><input type=\"text\" name=\"wpforms[hp]\" id=\"wpforms-250-field-hp\" class=\"wpforms-field-medium\"><\/div><div class=\"wpforms-submit-container\" ><input type=\"hidden\" name=\"wpforms[id]\" value=\"250\"><input type=\"hidden\" name=\"page_title\" value=\"\"><input type=\"hidden\" name=\"page_url\" value=\"https:\/\/www.peanutbuttermachine.com\/fr\/wp-json\/wp\/v2\/pages\/10\"><input type=\"hidden\" name=\"url_referer\" value=\"\"><button type=\"submit\" name=\"wpforms[submit]\" id=\"wpforms-submit-250\" class=\"wpforms-submit\" data-alt-text=\"Sending...\" data-submit-text=\"Submit\" aria-live=\"assertive\" value=\"wpforms-submit\">Submit<\/button><\/div><\/form><\/div>  <!-- .wpforms-container -->\t\t\t\t\t\t\t\t<\/div>\n\t\t\t\t<\/div>\n\t\t\t\t\t<\/div>\n\t\t<\/div>\n\t\t\t\t\t<\/div>\n\t\t<\/section>\n\t\t\t\t<\/div>\n\t\t","protected":false},"excerpt":{"rendered":"<p>\u00e0 propos de nous Fabricant professionnel Machine \u00e0 beurre d&rsquo;arachide Fabricant Nous HuanYang Machinery co ,. ltd est un fabricant d\u00e9di\u00e9 \u00e0 la recherche et au d\u00e9veloppement de machines de traitement en profondeur des arachides. Nous avons une forte force de R &amp; D, un syst\u00e8me de gestion strict et normalis\u00e9, une technologie de production &hellip;<\/p>\n<p class=\"read-more\"> <a class=\"\" href=\"https:\/\/www.peanutbuttermachine.com\/fr\/about\/\"> <span class=\"screen-reader-text\">Profil<\/span> Lire la suite\u00a0\u00bb<\/a><\/p>\n","protected":false},"author":1,"featured_media":0,"parent":0,"menu_order":0,"comment_status":"closed","ping_status":"closed","template":"","meta":{"footnotes":""},"class_list":["post-10","page","type-page","status-publish","hentry"],"_links":{"self":[{"href":"https:\/\/www.peanutbuttermachine.com\/fr\/wp-json\/wp\/v2\/pages\/10","targetHints":{"allow":["GET"]}}],"collection":[{"href":"https:\/\/www.peanutbuttermachine.com\/fr\/wp-json\/wp\/v2\/pages"}],"about":[{"href":"https:\/\/www.peanutbuttermachine.com\/fr\/wp-json\/wp\/v2\/types\/page"}],"author":[{"embeddable":true,"href":"https:\/\/www.peanutbuttermachine.com\/fr\/wp-json\/wp\/v2\/users\/1"}],"replies":[{"embeddable":true,"href":"https:\/\/www.peanutbuttermachine.com\/fr\/wp-json\/wp\/v2\/comments?post=10"}],"version-history":[{"count":0,"href":"https:\/\/www.peanutbuttermachine.com\/fr\/wp-json\/wp\/v2\/pages\/10\/revisions"}],"wp:attachment":[{"href":"https:\/\/www.peanutbuttermachine.com\/fr\/wp-json\/wp\/v2\/media?parent=10"}],"curies":[{"name":"wp","href":"https:\/\/api.w.org\/{rel}","templated":true}]}}